{"id":3388,"date":"2023-06-07T07:54:27","date_gmt":"2023-06-07T07:54:27","guid":{"rendered":"https:\/\/elamante.antimatter-studio.com\/?page_id=3388"},"modified":"2023-06-07T07:55:09","modified_gmt":"2023-06-07T07:55:09","slug":"prueba","status":"publish","type":"page","link":"https:\/\/elamante.antimatter-studio.com\/en\/prueba\/","title":{"rendered":"Prueba"},"content":{"rendered":"\n<p>Cada texto incluye ejercicios con preguntas para evaluar la comprensi\u00f3n lograda. Esto te permitir\u00e1 reforzar tu vocabulario, mejorar la gram\u00e1tica y reconocer expresiones propias del espa\u00f1ol.<\/p>\n\n\n\n<p>Nuestros textos son gratis y est\u00e1n dise\u00f1ados por nivel de complejidad. Adem\u00e1s pueden descargarse en formato PDF.<\/p>\n\n\n\n<p>Si quieres aprender espa\u00f1ol o mejorar tu nivel del idioma, estos recursos te ser\u00e1n de gran ayuda<\/p>\n","protected":false},"excerpt":{"rendered":"<p>Cada texto incluye ejercicios con preguntas para evaluar la comprensi\u00f3n lograda. Esto te permitir\u00e1 reforzar tu vocabulario, mejorar la gram\u00e1tica y reconocer expresiones propias del espa\u00f1ol. Nuestros textos son gratis y est\u00e1n dise\u00f1ados por nivel de complejidad. Adem\u00e1s pueden descargarse en formato PDF. Si quieres aprender espa\u00f1ol o mejorar tu nivel del idioma, estos recursos [&hellip;]<\/p>\n","protected":false},"author":2,"featured_media":0,"parent":0,"menu_order":0,"comment_status":"closed","ping_status":"closed","template":"","meta":{"inline_featured_image":false,"footnotes":""},"class_list":["post-3388","page","type-page","status-publish","hentry"],"_links":{"self":[{"href":"https:\/\/elamante.antimatter-studio.com\/en\/wp-json\/wp\/v2\/pages\/3388","targetHints":{"allow":["GET"]}}],"collection":[{"href":"https:\/\/elamante.antimatter-studio.com\/en\/wp-json\/wp\/v2\/pages"}],"about":[{"href":"https:\/\/elamante.antimatter-studio.com\/en\/wp-json\/wp\/v2\/types\/page"}],"author":[{"embeddable":true,"href":"https:\/\/elamante.antimatter-studio.com\/en\/wp-json\/wp\/v2\/users\/2"}],"replies":[{"embeddable":true,"href":"https:\/\/elamante.antimatter-studio.com\/en\/wp-json\/wp\/v2\/comments?post=3388"}],"version-history":[{"count":1,"href":"https:\/\/elamante.antimatter-studio.com\/en\/wp-json\/wp\/v2\/pages\/3388\/revisions"}],"predecessor-version":[{"id":3389,"href":"https:\/\/elamante.antimatter-studio.com\/en\/wp-json\/wp\/v2\/pages\/3388\/revisions\/3389"}],"wp:attachment":[{"href":"https:\/\/elamante.antimatter-studio.com\/en\/wp-json\/wp\/v2\/media?parent=3388"}],"curies":[{"name":"wp","href":"https:\/\/api.w.org\/{rel}","templated":true}]}}